{"id":1446,"date":"2014-05-19T18:30:16","date_gmt":"2014-05-19T21:30:16","guid":{"rendered":"http:\/\/babui.no\/?page_id=1446"},"modified":"2015-06-09T10:39:08","modified_gmt":"2015-06-09T13:39:08","slug":"termos-de-uso","status":"publish","type":"page","link":"http:\/\/babui.no\/en\/termos-de-uso\/","title":{"rendered":"TERMS OF USE"},"content":{"rendered":"<p>[vc_row][vc_column width=&#8221;1\/1&#8243;][divider line_type=&#8221;No Line&#8221; custom_height=&#8221;20&#8243;][\/vc_column][\/vc_row][vc_row][vc_column width=&#8221;5\/6&#8243;][vc_column_text]<\/p>\n<h3 style=\"text-align: justify; color: #33270d;\">TERMS OF USE<\/h3>\n<p style=\"text-align: justify; color: #33270d;\">Welcome to the babuino agency website. If you continue to browse and use this website, you are agreeing to comply with and be bound by the following terms and conditions of use, which together with our Privacy Policy govern the relationship between babuino apdj and you through this website. If you disagree with any part of these terms and conditions of use, please do not use our site.  Our CNPJ is 22.604.665\/0001-47. The term \u201cyou\u201d refers to the user or visitor of our website.<\/p>\n<p style=\"text-align: justify; color: #33270d;\">The content of the pages of this website is for general information and use only. It may be changed without prior notice. Neither the babuino agency nor third parties provide any warranties as to the accuracy, timeliness, performance, completeness or suitability of the information and materials found or offered on this site for any particular purpose. You acknowledge that such information and materials may contain inaccuracies or errors, for which babuino agency shall not be liable. Your use of any information or material on this site is entirely at your own risk, for which we are not responsible.<\/p>\n<p style=\"text-align: justify; color: #33270d;\">It should be your responsibility to ensure that any services or information available on this site meet your specific needs. This site contains material that is owned by us. This material includes, but is not limited to: design, layout, appearance and graphics. Reproduction is prohibited except with the copyright notice, which forms part of these terms and conditions.<\/p>\n<p style=\"text-align: justify; color: #33270d;\">All trademarks reproduced on this site, which are not our property, are disclosed with the consent of their owners. Unauthorized use of this site may give rise to claims for damages or copyright infringement.<\/p>\n<p>[\/vc_column_text][\/vc_column][vc_column width=&#8221;1\/6&#8243;][\/vc_column][\/vc_row][vc_row][vc_column width=&#8221;1\/1&#8243;][divider line_type=&#8221;No Line&#8221; custom_height=&#8221;20&#8243;][\/vc_column][\/vc_row]<\/p>","protected":false},"excerpt":{"rendered":"<p>[vc_row][vc_column width=&#8221;1\/1&#8243;][divider line_type=&#8221;No Line&#8221; custom_height=&#8221;20&#8243;][\/vc_column][\/vc_row][vc_row][vc_column width=&#8221;5\/6&#8243;][vc_column_text] TERMOS DE USO Seja bem-vindo ao site da ag\u00eancia babuino. Se voc\u00ea continuar a navegar e usar este site, voc\u00ea est\u00e1 concordando em aceitar e seguir os seguintes termos e condi\u00e7\u00f5es de uso, que juntamente com nossa Pol\u00edtica de Privacidade governam as rela\u00e7\u00f5es entre a babuino apdj\u00a0e voc\u00ea por [&hellip;]<\/p>","protected":false},"author":1,"featured_media":0,"parent":0,"menu_order":0,"comment_status":"open","ping_status":"open","template":"","meta":{"advgb_blocks_editor_width":"","advgb_blocks_columns_visual_guide":"","footnotes":""},"class_list":["post-1446","page","type-page","status-publish","hentry"],"coauthors":[],"author_meta":{"author_link":"http:\/\/babui.no\/en\/author\/babuino\/","display_name":"babuino"},"relative_dates":{"created":"Posted 12 years ago","modified":"Updated 11 years ago"},"absolute_dates":{"created":"Posted on 19\/05\/2014","modified":"Updated on 09\/06\/2015"},"absolute_dates_time":{"created":"Posted on 19\/05\/2014 18:30","modified":"Updated on 09\/06\/2015 10:39"},"featured_img_caption":"","featured_img":false,"series_order":"","_links":{"self":[{"href":"http:\/\/babui.no\/en\/wp-json\/wp\/v2\/pages\/1446","targetHints":{"allow":["GET"]}}],"collection":[{"href":"http:\/\/babui.no\/en\/wp-json\/wp\/v2\/pages"}],"about":[{"href":"http:\/\/babui.no\/en\/wp-json\/wp\/v2\/types\/page"}],"author":[{"embeddable":true,"href":"http:\/\/babui.no\/en\/wp-json\/wp\/v2\/users\/1"}],"replies":[{"embeddable":true,"href":"http:\/\/babui.no\/en\/wp-json\/wp\/v2\/comments?post=1446"}],"version-history":[{"count":6,"href":"http:\/\/babui.no\/en\/wp-json\/wp\/v2\/pages\/1446\/revisions"}],"predecessor-version":[{"id":1670,"href":"http:\/\/babui.no\/en\/wp-json\/wp\/v2\/pages\/1446\/revisions\/1670"}],"wp:attachment":[{"href":"http:\/\/babui.no\/en\/wp-json\/wp\/v2\/media?parent=1446"}],"curies":[{"name":"wp","href":"https:\/\/api.w.org\/{rel}","templated":true}]}}