{"id":1540,"date":"2014-05-26T15:38:43","date_gmt":"2014-05-26T18:38:43","guid":{"rendered":"http:\/\/babui.no\/?page_id=1540"},"modified":"2018-03-22T12:23:12","modified_gmt":"2018-03-22T15:23:12","slug":"briefing","status":"publish","type":"page","link":"http:\/\/babui.no\/en\/briefing\/","title":{"rendered":"Briefing"},"content":{"rendered":"<div class=\"grid kcm\">\n<div class=\"grid__item one-whole portable--auto lap--auto palm--auto top-no-padding bottom-no-padding center\">\n<p style=\"color: #33270d; text-align: justify;\">Fill in this form with as much information as you can about your project. If you have any questions or need guidance before filling in the form, feel free to <a title=\"Contato\" href=\"http:\/\/babui.no\/en\/contato\/\" target=\"_blank\" rel=\"noopener\">contact<\/a>.<\/p>\n<p style=\"color: #33270d; text-align: justify;\"><em><strong>Privacy:<\/strong> No data from this form will be disclosed by the babuino agency or used for other purposes.<\/em> <em><strong>After sending the form:<\/strong> We'll contact you with any further questions and then send you our quotation. <em><strong>Property and use:<\/strong>\u00a0All the data you have answered will be sent to you by email, so that you can keep it on file and use it as you wish, even if you choose not to continue the project with us.<\/em> <\/em><\/p>\n<div role=\"form\" class=\"wpcf7\" id=\"wpcf7-f1539-o1\" lang=\"pt-BR\" dir=\"ltr\">\n<div class=\"screen-reader-response\"><p role=\"status\" aria-live=\"polite\" aria-atomic=\"true\"><\/p> <ul><\/ul><\/div>\n<form action=\"\/en\/wp-json\/wp\/v2\/pages\/1540#wpcf7-f1539-o1\" method=\"post\" class=\"wpcf7-form init\" novalidate=\"novalidate\" data-status=\"init\" data-trp-original-action=\"\/en\/wp-json\/wp\/v2\/pages\/1540#wpcf7-f1539-o1\">\n<div style=\"display: none;\">\n<input type=\"hidden\" name=\"_wpcf7\" value=\"1539\" \/>\n<input type=\"hidden\" name=\"_wpcf7_version\" value=\"5.6\" \/>\n<input type=\"hidden\" name=\"_wpcf7_locale\" value=\"pt_BR\" \/>\n<input type=\"hidden\" name=\"_wpcf7_unit_tag\" value=\"wpcf7-f1539-o1\" \/>\n<input type=\"hidden\" name=\"_wpcf7_container_post\" value=\"0\" \/>\n<input type=\"hidden\" name=\"_wpcf7_posted_data_hash\" value=\"\" \/>\n<input type=\"hidden\" name=\"_wpcf7_recaptcha_response\" value=\"\" \/>\n<\/div>\n<h5 style=\"color:#33270d;\">CONTACT INFO<\/h5>\n<p><code><\/code><\/p>\n<p style=\"color:#33270d;\"><strong>NAME *<\/strong><br \/>\n    <span class=\"wpcf7-form-control-wrap\" data-name=\"your-name\"><input type=\"text\" name=\"your-name\" value=\"\" size=\"40\" class=\"wpcf7-form-control wpcf7-text wpcf7-validates-as-required\" aria-required=\"true\" aria-invalid=\"false\" \/><\/span> <\/p>\n<p style=\"color:#33270d;\"><strong>Company's name\/Brand<\/strong><br \/>\n    <span class=\"wpcf7-form-control-wrap\" data-name=\"empresa\"><input type=\"text\" name=\"empresa\" value=\"\" size=\"40\" class=\"wpcf7-form-control wpcf7-text\" aria-invalid=\"false\" \/><\/span><\/p>\n<p style=\"color:#33270d;\"><strong>E-mail *<\/strong><br \/>\n    <span class=\"wpcf7-form-control-wrap\" data-name=\"your-email\"><input type=\"email\" name=\"your-email\" value=\"\" size=\"40\" class=\"wpcf7-form-control wpcf7-text wpcf7-email wpcf7-validates-as-required wpcf7-validates-as-email\" aria-required=\"true\" aria-invalid=\"false\" \/><\/span> <\/p>\n<p style=\"color:#33270d;\"><strong>Phone *<\/strong><br \/>\n    <span class=\"wpcf7-form-control-wrap\" data-name=\"telefone\"><input type=\"tel\" name=\"telefone\" value=\"\" size=\"40\" class=\"wpcf7-form-control wpcf7-text wpcf7-tel wpcf7-validates-as-required wpcf7-validates-as-tel\" aria-required=\"true\" aria-invalid=\"false\" placeholder=\"(DDD) 0000-0000\" \/><\/span><\/p>\n<p style=\"color:#33270d;\"><strong>City - State\/Province *<\/strong><br \/>\n    <span class=\"wpcf7-form-control-wrap\" data-name=\"cidade-uf\"><input type=\"text\" name=\"cidade-uf\" value=\"\" size=\"40\" class=\"wpcf7-form-control wpcf7-text wpcf7-validates-as-required\" aria-required=\"true\" aria-invalid=\"false\" placeholder=\"City - State\/Province *\" \/><\/span><\/p>\n<p style=\"color:#33270d;\"><strong>How did you find the babu\u00edno?<\/strong><br \/>\n    <span class=\"wpcf7-form-control-wrap\" data-name=\"encontrou\"><input type=\"text\" name=\"encontrou\" value=\"\" size=\"40\" class=\"wpcf7-form-control wpcf7-text\" aria-invalid=\"false\" \/><\/span><\/p>\n<p><code><\/code><\/p>\n<h5 style=\"color:#33270d;\">BASIC INFORMATION<\/h5>\n<p><code><\/code><\/p>\n<p style=\"color:#33270d;\"><strong>Is this a new project or a redesign?<\/strong><br \/>\n<span class=\"wpcf7-form-control-wrap\" data-name=\"projeto\"><span class=\"wpcf7-form-control wpcf7-radio\"><span class=\"wpcf7-list-item first\"><input type=\"radio\" name=\"projeto\" value=\"Projeto Novo\" \/><span class=\"wpcf7-list-item-label\">New Project<\/span><\/span><span class=\"wpcf7-list-item last\"><input type=\"radio\" name=\"projeto\" value=\"Redesenho\" \/><span class=\"wpcf7-list-item-label\">Redesign<\/span><\/span><\/span><\/span><\/p>\n<p style=\"color:#33270d;\"><strong>What is the project about? *<\/strong><br \/>\n<span class=\"wpcf7-form-control-wrap\" data-name=\"objetivos\"><textarea name=\"objetivos\" cols=\"40\" rows=\"10\" class=\"wpcf7-form-control wpcf7-textarea wpcf7-validates-as-required\" aria-required=\"true\" aria-invalid=\"false\"><\/textarea><\/span><\/p>\n<p style=\"color:#33270d;\"><strong>When do you need the project ready?<\/strong><br \/>\n* Urgent: We can complete the project in less than a month. In this case, an urgency fee will be applied to the total value of the project.<br \/>\n<span class=\"wpcf7-form-control-wrap\" data-name=\"prazo\"><span class=\"wpcf7-form-control wpcf7-radio\"><span class=\"wpcf7-list-item first\"><input type=\"radio\" name=\"prazo\" value=\"1 M\u00eas\" \/><span class=\"wpcf7-list-item-label\">1 Month<\/span><\/span><span class=\"wpcf7-list-item\"><input type=\"radio\" name=\"prazo\" value=\"2 Meses\" \/><span class=\"wpcf7-list-item-label\">2 Months<\/span><\/span><span class=\"wpcf7-list-item\"><input type=\"radio\" name=\"prazo\" value=\"Indefinido\" \/><span class=\"wpcf7-list-item-label\">Undefined<\/span><\/span><span class=\"wpcf7-list-item last\"><input type=\"radio\" name=\"prazo\" value=\"Urgente*\" \/><span class=\"wpcf7-list-item-label\">Urgent*<\/span><\/span><\/span><\/span><\/p>\n<p style=\"color:#33270d;\"><strong>What is your budget for this project?<\/strong><br \/>\nPlease reply if you feel comfortable sharing this information. We will use it to offer you the best solution within your budget. In addition, if we notice any incompatibilities in your requests, we can advise you before sending you a proposal.<br \/>\n<span class=\"wpcf7-form-control-wrap\" data-name=\"orcamento\"><input type=\"text\" name=\"orcamento\" value=\"\" size=\"40\" class=\"wpcf7-form-control wpcf7-text\" aria-invalid=\"false\" \/><\/span><\/p>\n<p style=\"color:#33270d;\"><strong>Why do you need this project? What are your objectives? *<\/strong><br \/>\n<span class=\"wpcf7-form-control-wrap\" data-name=\"objetivos\"><textarea name=\"objetivos\" cols=\"40\" rows=\"10\" class=\"wpcf7-form-control wpcf7-textarea wpcf7-validates-as-required\" aria-required=\"true\" aria-invalid=\"false\"><\/textarea><\/span><\/p>\n<p><code><\/code><\/p>\n<h5 style=\"color:#33270d;\">LIST OF SERVICES<\/h5>\n<p><code><\/code><\/p>\n<p style=\"color:#33270d;\"><strong>Select the visual identity items you need:<\/strong><br \/>\n<span class=\"wpcf7-form-control-wrap\" data-name=\"identidade\"><span class=\"wpcf7-form-control wpcf7-checkbox\"><span class=\"wpcf7-list-item first\"><input type=\"checkbox\" name=\"identidade[]\" value=\"Marca \/ Logotipo\" \/><span class=\"wpcf7-list-item-label\">Brand \/ Logotype<\/span><\/span><span class=\"wpcf7-list-item\"><input type=\"checkbox\" name=\"identidade[]\" value=\"Naming\" \/><span class=\"wpcf7-list-item-label\">Naming<\/span><\/span><span class=\"wpcf7-list-item\"><input type=\"checkbox\" name=\"identidade[]\" value=\"Cart\u00e3o de Visita\" \/><span class=\"wpcf7-list-item-label\">Business card<\/span><\/span><span class=\"wpcf7-list-item\"><input type=\"checkbox\" name=\"identidade[]\" value=\"Papel Timbrado\" \/><span class=\"wpcf7-list-item-label\">Letterhead<\/span><\/span><span class=\"wpcf7-list-item\"><input type=\"checkbox\" name=\"identidade[]\" value=\"Pasta\" \/><span class=\"wpcf7-list-item-label\">Pasta<\/span><\/span><span class=\"wpcf7-list-item last\"><input type=\"checkbox\" name=\"identidade[]\" value=\"Envelope\" \/><span class=\"wpcf7-list-item-label\">Envelope<\/span><\/span><\/span><\/span><br \/>\n<span class=\"wpcf7-form-control-wrap\" data-name=\"identidadeoutros\"><input type=\"text\" name=\"identidadeoutros\" value=\"\" size=\"40\" class=\"wpcf7-form-control wpcf7-text\" aria-invalid=\"false\" placeholder=\"Others\" \/><\/span><\/p>\n<p style=\"color:#33270d;\"><strong>Extra information about services:<\/strong><br \/>\n<span class=\"wpcf7-form-control-wrap\" data-name=\"infosextras\"><textarea name=\"infosextras\" cols=\"40\" rows=\"10\" class=\"wpcf7-form-control wpcf7-textarea\" aria-invalid=\"false\"><\/textarea><\/span><\/p>\n<p><code><\/code><\/p>\n<h5 style=\"color:#33270d;\">ABOUT THE PROJECT<\/h5>\n<p><code><\/code><\/p>\n<p style=\"color:#33270d;\"><strong>Name 3 characteristics that you would like to convey about the personality of your company\/brand\/project*<\/strong><br \/>\n<span class=\"wpcf7-form-control-wrap\" data-name=\"adjetivos\"><input type=\"text\" name=\"adjetivos\" value=\"\" size=\"40\" class=\"wpcf7-form-control wpcf7-text wpcf7-validates-as-required\" aria-required=\"true\" aria-invalid=\"false\" placeholder=\"E.g. Safety, Solid and Reliable.\" \/><\/span><\/p>\n<p style=\"color:#33270d;\"><strong>What kind of customer do you want to reach? How would you characterize this audience?*<\/strong><br \/>\n<span class=\"wpcf7-form-control-wrap\" data-name=\"publico\"><textarea name=\"publico\" cols=\"40\" rows=\"10\" class=\"wpcf7-form-control wpcf7-textarea wpcf7-validates-as-required\" aria-required=\"true\" aria-invalid=\"false\" placeholder=\"They are middle-class men and women, newlyweds, who are looking for practical, modern furniture and appliances.\"><\/textarea><\/span><\/p>\n<p style=\"color:#33270d;\"><strong>What message should your company\/brand\/project NOT convey to your customers?<\/strong><br \/>\n<span class=\"wpcf7-form-control-wrap\" data-name=\"naotransmitir\"><input type=\"text\" name=\"naotransmitir\" value=\"\" size=\"40\" class=\"wpcf7-form-control wpcf7-text\" aria-invalid=\"false\" placeholder=\"E.g.: I shouldn&#039;t give off the image of a fun or relaxed company.\" \/><\/span><\/p>\n<p style=\"color:#33270d;\"><strong>How would you describe your company\/product in one sentence?<\/strong><br \/>\n<span class=\"wpcf7-form-control-wrap\" data-name=\"naotransmitir\"><input type=\"text\" name=\"naotransmitir\" value=\"\" size=\"40\" class=\"wpcf7-form-control wpcf7-text\" aria-invalid=\"false\" \/><\/span><\/p>\n<p style=\"color:#33270d;\"><strong>Can you tell us any more important information that we should take into account when developing the project?<\/strong><br \/>\n<span class=\"wpcf7-form-control-wrap\" data-name=\"maisinfos\"><textarea name=\"maisinfos\" cols=\"40\" rows=\"10\" class=\"wpcf7-form-control wpcf7-textarea\" aria-invalid=\"false\"><\/textarea><\/span><\/p>\n<p><code><\/code><\/p>\n<p><input type=\"submit\" value=\"Send\" class=\"wpcf7-form-control has-spinner wpcf7-submit\" \/><\/p>\n<p style=\"display: none !important;\" class=\"akismet-fields-container\" data-prefix=\"_wpcf7_ak_\"><label>&#916;<textarea name=\"_wpcf7_ak_hp_textarea\" cols=\"45\" rows=\"8\" maxlength=\"100\"><\/textarea><\/label><input type=\"hidden\" id=\"ak_js_1\" name=\"_wpcf7_ak_js\" value=\"214\"\/><script>document.getElementById( \"ak_js_1\" ).setAttribute( \"value\", ( new Date() ).getTime() );<\/script><\/p><div class=\"wpcf7-response-output\" aria-hidden=\"true\"><\/div><input type=\"hidden\" name=\"trp-form-language\" value=\"en\"\/><\/form><\/div>\n<\/div>\n<\/div>","protected":false},"excerpt":{"rendered":"<p>Preencha este formul\u00e1rio com o m\u00e1ximo de informa\u00e7\u00f5es que puder sobre seu projeto. Caso tenha d\u00favidas ou precise de orienta\u00e7\u00f5es antes de preencher o formul\u00e1rio fique \u00e0 vontade para entrar em contato. Privacidade: Nenhum dado deste formul\u00e1rio ser\u00e1 divulgado pela ag\u00eancia babuino ou usado para outros fins. Ap\u00f3s envio do formul\u00e1rio: Entraremos em contato para [&hellip;]<\/p>","protected":false},"author":1,"featured_media":0,"parent":0,"menu_order":0,"comment_status":"open","ping_status":"open","template":"","meta":{"advgb_blocks_editor_width":"","advgb_blocks_columns_visual_guide":"","footnotes":""},"class_list":["post-1540","page","type-page","status-publish","hentry"],"coauthors":[],"author_meta":{"author_link":"http:\/\/babui.no\/en\/author\/babuino\/","display_name":"babuino"},"relative_dates":{"created":"Posted 12 years ago","modified":"Updated 8 years ago"},"absolute_dates":{"created":"Posted on 26\/05\/2014","modified":"Updated on 22\/03\/2018"},"absolute_dates_time":{"created":"Posted on 26\/05\/2014 15:38","modified":"Updated on 22\/03\/2018 12:23"},"featured_img_caption":"","featured_img":false,"series_order":"","_links":{"self":[{"href":"http:\/\/babui.no\/en\/wp-json\/wp\/v2\/pages\/1540","targetHints":{"allow":["GET"]}}],"collection":[{"href":"http:\/\/babui.no\/en\/wp-json\/wp\/v2\/pages"}],"about":[{"href":"http:\/\/babui.no\/en\/wp-json\/wp\/v2\/types\/page"}],"author":[{"embeddable":true,"href":"http:\/\/babui.no\/en\/wp-json\/wp\/v2\/users\/1"}],"replies":[{"embeddable":true,"href":"http:\/\/babui.no\/en\/wp-json\/wp\/v2\/comments?post=1540"}],"version-history":[{"count":11,"href":"http:\/\/babui.no\/en\/wp-json\/wp\/v2\/pages\/1540\/revisions"}],"predecessor-version":[{"id":2144,"href":"http:\/\/babui.no\/en\/wp-json\/wp\/v2\/pages\/1540\/revisions\/2144"}],"wp:attachment":[{"href":"http:\/\/babui.no\/en\/wp-json\/wp\/v2\/media?parent=1540"}],"curies":[{"name":"wp","href":"https:\/\/api.w.org\/{rel}","templated":true}]}}