{"id":1675,"date":"2015-08-19T14:40:23","date_gmt":"2015-08-19T17:40:23","guid":{"rendered":"http:\/\/babui.no\/?page_id=1675"},"modified":"2019-05-23T03:27:31","modified_gmt":"2019-05-23T06:27:31","slug":"briefing-site","status":"publish","type":"page","link":"http:\/\/babui.no\/en\/briefing-site\/","title":{"rendered":"Briefing Website"},"content":{"rendered":"<p style=\"color: #33270d; text-align: justify;\">Fill in this form with as much information as you can about your project. If you have any questions or need guidance before filling in the form, feel free to <a title=\"Contato\" href=\"http:\/\/babui.no\/en\/contato\/\" target=\"_blank\" rel=\"noopener\">contact<\/a>.<\/p>\n<p style=\"color: #33270d; text-align: justify;\"><em><strong>Privacy:<\/strong> No data from this form will be disclosed by the babuino agency or used for other purposes.<\/em><br \/>\n<em><strong>After sending the form:<\/strong> We'll contact you with any further questions and then send you our quotation.<br \/>\n<em><strong>Property and use:<\/strong>&nbsp;All the data you have answered will be sent to you by email, so that you can keep it on file and use it as you wish, even if you choose not to continue the project with us.<\/em><\/em><\/p>\n<div role=\"form\" class=\"wpcf7\" id=\"wpcf7-f1674-o1\" lang=\"pt-BR\" dir=\"ltr\">\n<div class=\"screen-reader-response\"><p role=\"status\" aria-live=\"polite\" aria-atomic=\"true\"><\/p> <ul><\/ul><\/div>\n<form action=\"\/en\/wp-json\/wp\/v2\/pages\/1675#wpcf7-f1674-o1\" method=\"post\" class=\"wpcf7-form init\" novalidate=\"novalidate\" data-status=\"init\" data-trp-original-action=\"\/en\/wp-json\/wp\/v2\/pages\/1675#wpcf7-f1674-o1\">\n<div style=\"display: none;\">\n<input type=\"hidden\" name=\"_wpcf7\" value=\"1674\" \/>\n<input type=\"hidden\" name=\"_wpcf7_version\" value=\"5.6\" \/>\n<input type=\"hidden\" name=\"_wpcf7_locale\" value=\"pt_BR\" \/>\n<input type=\"hidden\" name=\"_wpcf7_unit_tag\" value=\"wpcf7-f1674-o1\" \/>\n<input type=\"hidden\" name=\"_wpcf7_container_post\" value=\"0\" \/>\n<input type=\"hidden\" name=\"_wpcf7_posted_data_hash\" value=\"\" \/>\n<input type=\"hidden\" name=\"_wpcf7_recaptcha_response\" value=\"\" \/>\n<\/div>\n<p style=\"color:#33270d;\"><strong>Your name\/company<\/strong><br \/>\n    <span class=\"wpcf7-form-control-wrap\" data-name=\"your-name\"><input type=\"text\" name=\"your-name\" value=\"\" size=\"40\" class=\"wpcf7-form-control wpcf7-text wpcf7-validates-as-required\" aria-required=\"true\" aria-invalid=\"false\" \/><\/span> <\/p>\n<p style=\"color:#33270d;\"><strong>E-mail <\/strong><br \/>\n    <span class=\"wpcf7-form-control-wrap\" data-name=\"your-email\"><input type=\"email\" name=\"your-email\" value=\"\" size=\"40\" class=\"wpcf7-form-control wpcf7-text wpcf7-email wpcf7-validates-as-required wpcf7-validates-as-email\" aria-required=\"true\" aria-invalid=\"false\" \/><\/span> <\/p>\n<p style=\"color:#33270d;\"><strong>Phone <\/strong><br \/>\n<span class=\"wpcf7-form-control-wrap\" data-name=\"tel-275\"><input type=\"tel\" name=\"tel-275\" value=\"\" size=\"40\" class=\"wpcf7-form-control wpcf7-text wpcf7-tel wpcf7-validates-as-required wpcf7-validates-as-tel\" aria-required=\"true\" aria-invalid=\"false\" \/><\/span> <\/p>\n<p style=\"color:#33270d;\"><strong>Current website address<\/strong><br \/>\n<span class=\"wpcf7-form-control-wrap\" data-name=\"url-312\"><input type=\"url\" name=\"url-312\" value=\"\" size=\"40\" class=\"wpcf7-form-control wpcf7-text wpcf7-url wpcf7-validates-as-url\" aria-invalid=\"false\" \/><\/span> <\/p>\n<p style=\"color:#33270d;\"><strong>Type of website you want:<\/strong><br \/>\n<span class=\"wpcf7-form-control-wrap\" data-name=\"checkbox-507\"><span class=\"wpcf7-form-control wpcf7-checkbox\"><span class=\"wpcf7-list-item first\"><input type=\"checkbox\" name=\"checkbox-507[]\" value=\"Site institucional\" \/><span class=\"wpcf7-list-item-label\">Company website<\/span><\/span><span class=\"wpcf7-list-item last\"><input type=\"checkbox\" name=\"checkbox-507[]\" value=\"E-Commerce\" \/><span class=\"wpcf7-list-item-label\">E-Commerce<\/span><\/span><\/span><\/span> <\/p>\n<p style=\"color:#33270d;\"><strong>Describe your company's business, the market in which it operates and what products\/services your company offers.<\/strong><br \/>\n    <span class=\"wpcf7-form-control-wrap\" data-name=\"your-message\"><input type=\"text\" name=\"your-message\" value=\"\" size=\"40\" class=\"wpcf7-form-control wpcf7-text\" aria-invalid=\"false\" \/><\/span> <\/p>\n<p style=\"color:#33270d;\"><strong>Describe your main objectives with this new site.<\/strong><br \/>\nEx: selling, increasing sales, informing, supporting, collecting registrations, others (please specify).<br \/>\n    <span class=\"wpcf7-form-control-wrap\" data-name=\"your-message\"><input type=\"text\" name=\"your-message\" value=\"\" size=\"40\" class=\"wpcf7-form-control wpcf7-text\" aria-invalid=\"false\" \/><\/span> <\/p>\n<p style=\"color:#33270d;\"><strong>What is it about your company that you would like to show with your website?<\/strong><br \/>\nWhat would you like people to notice about your brand on your website?<br \/>\n    <span class=\"wpcf7-form-control-wrap\" data-name=\"your-message\"><input type=\"text\" name=\"your-message\" value=\"\" size=\"40\" class=\"wpcf7-form-control wpcf7-text\" aria-invalid=\"false\" \/><\/span> <\/p>\n<p style=\"color:#33270d;\"><strong>Will the site be started from scratch? Or will it use existing or reworked content?<\/strong> <br \/>\n    <span class=\"wpcf7-form-control-wrap\" data-name=\"your-message\"><input type=\"text\" name=\"your-message\" value=\"\" size=\"40\" class=\"wpcf7-form-control wpcf7-text\" aria-invalid=\"false\" \/><\/span> <\/p>\n<p style=\"color:#33270d;\"><strong>What image should be conveyed?<\/strong><br>Tradition or modernity, clean or mainstream, suitable colors, etc.<br \/>\n    <span class=\"wpcf7-form-control-wrap\" data-name=\"your-message\"><input type=\"text\" name=\"your-message\" value=\"\" size=\"40\" class=\"wpcf7-form-control wpcf7-text\" aria-invalid=\"false\" \/><\/span> <\/p>\n<p style=\"color:#33270d;\"><strong>Name a website that is a reference.<\/strong><br>It could be a competitor's site that shows the style you are looking for.<br \/>\n    <span class=\"wpcf7-form-control-wrap\" data-name=\"your-message\"><input type=\"text\" name=\"your-message\" value=\"\" size=\"40\" class=\"wpcf7-form-control wpcf7-text\" aria-invalid=\"false\" \/><\/span> <\/p>\n<p style=\"color:#33270d;\"><strong>Who will mainly be visiting the site?<\/strong><br \/>\n<span class=\"wpcf7-form-control-wrap\" data-name=\"checkbox-507\"><span class=\"wpcf7-form-control wpcf7-checkbox\"><span class=\"wpcf7-list-item first\"><input type=\"checkbox\" name=\"checkbox-507[]\" value=\"Mulheres\" \/><span class=\"wpcf7-list-item-label\">Women<\/span><\/span><span class=\"wpcf7-list-item\"><input type=\"checkbox\" name=\"checkbox-507[]\" value=\"Homens\" \/><span class=\"wpcf7-list-item-label\">Men<\/span><\/span><span class=\"wpcf7-list-item\"><input type=\"checkbox\" name=\"checkbox-507[]\" value=\"Jovens\" \/><span class=\"wpcf7-list-item-label\">Young People<\/span><\/span><span class=\"wpcf7-list-item\"><input type=\"checkbox\" name=\"checkbox-507[]\" value=\"Idosos\" \/><span class=\"wpcf7-list-item-label\">Elderly<\/span><\/span><span class=\"wpcf7-list-item\"><input type=\"checkbox\" name=\"checkbox-507[]\" value=\"Crian\u00e7as\" \/><span class=\"wpcf7-list-item-label\">Children<\/span><\/span><span class=\"wpcf7-list-item last\"><input type=\"checkbox\" name=\"checkbox-507[]\" value=\"Adultos\" \/><span class=\"wpcf7-list-item-label\">Adults<\/span><\/span><\/span><\/span> <\/p>\n<p style=\"color:#33270d;\"><strong>What pages and functionalities should the site have? <\/strong><br \/>\n<span class=\"wpcf7-form-control-wrap\" data-name=\"checkbox-878\"><span class=\"wpcf7-form-control wpcf7-checkbox wpcf7-validates-as-required\"><span class=\"wpcf7-list-item first\"><span class=\"wpcf7-list-item-label\">Home<\/span><input type=\"checkbox\" name=\"checkbox-878[]\" value=\"Home\" \/><\/span><span class=\"wpcf7-list-item\"><span class=\"wpcf7-list-item-label\">Institutional (Who We Are\/Mission\/Vision)<\/span><input type=\"checkbox\" name=\"checkbox-878[]\" value=\"Institucional (Quem Somos\/Miss\u00e3o\/Vis\u00e3o)\" \/><\/span><span class=\"wpcf7-list-item\"><span class=\"wpcf7-list-item-label\">Products<\/span><input type=\"checkbox\" name=\"checkbox-878[]\" value=\"Produtos\" \/><\/span><span class=\"wpcf7-list-item\"><span class=\"wpcf7-list-item-label\">Services<\/span><input type=\"checkbox\" name=\"checkbox-878[]\" value=\"Servi\u00e7os\" \/><\/span><span class=\"wpcf7-list-item\"><span class=\"wpcf7-list-item-label\">News<\/span><input type=\"checkbox\" name=\"checkbox-878[]\" value=\"Not\u00edcias\" \/><\/span><span class=\"wpcf7-list-item\"><span class=\"wpcf7-list-item-label\">Portfolio<\/span><input type=\"checkbox\" name=\"checkbox-878[]\" value=\"Portf\u00f3lio\" \/><\/span><span class=\"wpcf7-list-item\"><span class=\"wpcf7-list-item-label\">Representatives<\/span><input type=\"checkbox\" name=\"checkbox-878[]\" value=\"Representantes\" \/><\/span><span class=\"wpcf7-list-item\"><span class=\"wpcf7-list-item-label\">Clients<\/span><input type=\"checkbox\" name=\"checkbox-878[]\" value=\"Clientes\" \/><\/span><span class=\"wpcf7-list-item\"><span class=\"wpcf7-list-item-label\">Photo Gallery<\/span><input type=\"checkbox\" name=\"checkbox-878[]\" value=\"Galeria de Fotos\" \/><\/span><span class=\"wpcf7-list-item\"><span class=\"wpcf7-list-item-label\">Video Gallery<\/span><input type=\"checkbox\" name=\"checkbox-878[]\" value=\"Galeria de V\u00eddeos\" \/><\/span><span class=\"wpcf7-list-item\"><span class=\"wpcf7-list-item-label\">Work with us<\/span><input type=\"checkbox\" name=\"checkbox-878[]\" value=\"Trabalhe Conosco\" \/><\/span><span class=\"wpcf7-list-item\"><span class=\"wpcf7-list-item-label\">Online Quotation<\/span><input type=\"checkbox\" name=\"checkbox-878[]\" value=\"Or\u00e7amento Online\" \/><\/span><span class=\"wpcf7-list-item\"><span class=\"wpcf7-list-item-label\">Contact<\/span><input type=\"checkbox\" name=\"checkbox-878[]\" value=\"Contato (Fale Conosco)\" \/><\/span><span class=\"wpcf7-list-item\"><span class=\"wpcf7-list-item-label\">E-commerce\/Online Sales<\/span><input type=\"checkbox\" name=\"checkbox-878[]\" value=\"E-commerce\/venda online\" \/><\/span><span class=\"wpcf7-list-item\"><span class=\"wpcf7-list-item-label\">Online Registration<\/span><input type=\"checkbox\" name=\"checkbox-878[]\" value=\"Cadastros Online\" \/><\/span><span class=\"wpcf7-list-item\"><span class=\"wpcf7-list-item-label\">Logged in Area<\/span><input type=\"checkbox\" name=\"checkbox-878[]\" value=\"\u00c1rea Logada\" \/><\/span><span class=\"wpcf7-list-item\"><span class=\"wpcf7-list-item-label\">Downloads<\/span><input type=\"checkbox\" name=\"checkbox-878[]\" value=\"Downloads\" \/><\/span><span class=\"wpcf7-list-item last\"><span class=\"wpcf7-list-item-label\">Others<\/span><input type=\"checkbox\" name=\"checkbox-878[]\" value=\"Outro\" \/><\/span><\/span><\/span><\/p>\n<p style=\"color:#33270d;\"><strong>Add comments or any other information you think is important:<\/strong> <br \/>\n  <span class=\"wpcf7-form-control-wrap\" data-name=\"your-message\"><input type=\"text\" name=\"your-message\" value=\"\" size=\"40\" class=\"wpcf7-form-control wpcf7-text\" aria-invalid=\"false\" \/><\/span> <\/p>\n<p><input type=\"submit\" value=\"Send\" class=\"wpcf7-form-control has-spinner wpcf7-submit\" \/><\/p>\n<p style=\"display: none !important;\" class=\"akismet-fields-container\" data-prefix=\"_wpcf7_ak_\"><label>&#916;<textarea name=\"_wpcf7_ak_hp_textarea\" cols=\"45\" rows=\"8\" maxlength=\"100\"><\/textarea><\/label><input type=\"hidden\" id=\"ak_js_1\" name=\"_wpcf7_ak_js\" value=\"74\"\/><script>document.getElementById( \"ak_js_1\" ).setAttribute( \"value\", ( new Date() ).getTime() );<\/script><\/p><div class=\"wpcf7-response-output\" aria-hidden=\"true\"><\/div><input type=\"hidden\" name=\"trp-form-language\" value=\"en\"\/><\/form><\/div>","protected":false},"excerpt":{"rendered":"<p>Preencha este formul\u00e1rio com o m\u00e1ximo de informa\u00e7\u00f5es que puder sobre seu projeto. Caso tenha d\u00favidas ou precise de orienta\u00e7\u00f5es antes de preencher o formul\u00e1rio fique \u00e0 vontade para entrar em contato. Privacidade: Nenhum dado deste formul\u00e1rio ser\u00e1 divulgado pela ag\u00eancia babuino ou usado para outros fins. Ap\u00f3s envio do formul\u00e1rio: Entraremos em contato para [&hellip;]<\/p>","protected":false},"author":1,"featured_media":0,"parent":0,"menu_order":0,"comment_status":"closed","ping_status":"closed","template":"","meta":{"advgb_blocks_editor_width":"","advgb_blocks_columns_visual_guide":"","footnotes":""},"class_list":["post-1675","page","type-page","status-publish","hentry"],"coauthors":[],"author_meta":{"author_link":"http:\/\/babui.no\/en\/author\/babuino\/","display_name":"babuino"},"relative_dates":{"created":"Posted 11 years ago","modified":"Updated 7 years ago"},"absolute_dates":{"created":"Posted on 19\/08\/2015","modified":"Updated on 23\/05\/2019"},"absolute_dates_time":{"created":"Posted on 19\/08\/2015 14:40","modified":"Updated on 23\/05\/2019 03:27"},"featured_img_caption":"","featured_img":false,"series_order":"","_links":{"self":[{"href":"http:\/\/babui.no\/en\/wp-json\/wp\/v2\/pages\/1675","targetHints":{"allow":["GET"]}}],"collection":[{"href":"http:\/\/babui.no\/en\/wp-json\/wp\/v2\/pages"}],"about":[{"href":"http:\/\/babui.no\/en\/wp-json\/wp\/v2\/types\/page"}],"author":[{"embeddable":true,"href":"http:\/\/babui.no\/en\/wp-json\/wp\/v2\/users\/1"}],"replies":[{"embeddable":true,"href":"http:\/\/babui.no\/en\/wp-json\/wp\/v2\/comments?post=1675"}],"version-history":[{"count":8,"href":"http:\/\/babui.no\/en\/wp-json\/wp\/v2\/pages\/1675\/revisions"}],"predecessor-version":[{"id":3592,"href":"http:\/\/babui.no\/en\/wp-json\/wp\/v2\/pages\/1675\/revisions\/3592"}],"wp:attachment":[{"href":"http:\/\/babui.no\/en\/wp-json\/wp\/v2\/media?parent=1675"}],"curies":[{"name":"wp","href":"https:\/\/api.w.org\/{rel}","templated":true}]}}