{"id":2391,"date":"2016-10-03T11:46:43","date_gmt":"2016-10-03T11:46:43","guid":{"rendered":"http:\/\/heythemers.com\/themes\/calafate\/?page_id=1921"},"modified":"2018-03-16T19:13:58","modified_gmt":"2018-03-16T22:13:58","slug":"quemnaosomos","status":"publish","type":"page","link":"http:\/\/babui.no\/en\/quemnaosomos\/","title":{"rendered":"WE ARE NOT"},"content":{"rendered":"<div class=\"grid kcm\">\n<div class=\"grid__item seven-twelfths portable--nine-twelfths lap--auto palm--auto top-small-padding bottom-medium-padding\">\n<h3>Saying you<br \/>\nare different,<br \/>\nit is not creative at all.<\/h3>\n<\/div>\n<div class=\"grid__item one-whole portable--auto lap--auto palm--auto top-no-padding bottom-no-padding center\">\n<p><a href=\"http:\/\/babui.no\/wp-content\/uploads\/2018\/03\/sheep3.png\"><img loading=\"lazy\" decoding=\"async\" class=\"aligncenter size-full wp-image-2678\" src=\"http:\/\/babui.no\/wp-content\/uploads\/2018\/03\/sheep3.png\" alt=\"\" width=\"1920\" height=\"1080\" srcset=\"http:\/\/babui.no\/wp-content\/uploads\/2018\/03\/sheep3.png 1920w, http:\/\/babui.no\/wp-content\/uploads\/2018\/03\/sheep3-300x169.png 300w, http:\/\/babui.no\/wp-content\/uploads\/2018\/03\/sheep3-768x432.png 768w, http:\/\/babui.no\/wp-content\/uploads\/2018\/03\/sheep3-1024x576.png 1024w\" sizes=\"auto, (max-width: 1920px) 100vw, 1920px\" \/><\/a><\/p>\n<\/div>\n<div class=\"grid__item one-whole portable--auto lap--auto palm--auto top-no-padding bottom-no-padding\"><\/div>\n<div class=\"grid__item nine-twelfths portable--auto lap--auto palm--auto top-no-padding bottom-medium-padding\">\n<h2><span style=\"font-size: 20px;\">A creative company saying that is different and unusual it is really not uncommon to see. It is like saying we are a very clean and scented soap, and being proud of it.\nOur job is to bring the unexpected to clients. <\/span><\/h2>\n<h2><span style=\"font-size: 20px;\"><span style=\"color: #c7c7c7;\">We follow the 3s policy:<\/span><\/span><\/h2>\n<\/div>\n<div class=\"grid__item five-twelfths portable--auto lap--auto palm--auto top-no-padding bottom-no-padding\">\n<p><a href=\"http:\/\/babui.no\/wp-content\/uploads\/2018\/03\/sheep1.png\"><img loading=\"lazy\" decoding=\"async\" class=\"aligncenter size-full wp-image-2680\" src=\"http:\/\/babui.no\/wp-content\/uploads\/2018\/03\/sheep1.png\" alt=\"\" width=\"1920\" height=\"1080\" srcset=\"http:\/\/babui.no\/wp-content\/uploads\/2018\/03\/sheep1.png 1920w, http:\/\/babui.no\/wp-content\/uploads\/2018\/03\/sheep1-300x169.png 300w, http:\/\/babui.no\/wp-content\/uploads\/2018\/03\/sheep1-768x432.png 768w, http:\/\/babui.no\/wp-content\/uploads\/2018\/03\/sheep1-1024x576.png 1024w\" sizes=\"auto, (max-width: 1920px) 100vw, 1920px\" \/><\/a><\/p>\n<\/div>\n<div class=\"grid__item five-twelfths portable--auto lap--auto palm--auto top-no-padding bottom-no-padding\">\n<p><a href=\"http:\/\/babui.no\/wp-content\/uploads\/2018\/03\/sheep2.png\"><img loading=\"lazy\" decoding=\"async\" class=\"aligncenter size-full wp-image-2679\" src=\"http:\/\/babui.no\/wp-content\/uploads\/2018\/03\/sheep2.png\" alt=\"\" width=\"1920\" height=\"1080\" srcset=\"http:\/\/babui.no\/wp-content\/uploads\/2018\/03\/sheep2.png 1920w, http:\/\/babui.no\/wp-content\/uploads\/2018\/03\/sheep2-300x169.png 300w, http:\/\/babui.no\/wp-content\/uploads\/2018\/03\/sheep2-768x432.png 768w, http:\/\/babui.no\/wp-content\/uploads\/2018\/03\/sheep2-1024x576.png 1024w\" sizes=\"auto, (max-width: 1920px) 100vw, 1920px\" \/><\/a><\/p>\n<\/div>\n<div class=\"grid__item three-twelfths portable--auto lap--auto palm--auto top-no-padding bottom-no-padding\">\n<h2><span style=\"color: #c7c7c7;\">1<\/span><br \/>\nSurprise the Customer.<\/h2>\n<p>Communicate 20% of what you see and 80% of what you've never seen.<\/p>\n<\/div>\n<div class=\"grid__item three-twelfths portable--auto lap--auto palm--auto top-no-padding bottom-no-padding\">\n<h2><span style=\"color: #c7c7c7;\">2<\/span><br \/>\nSatisfy the Customer.<\/h2>\n<p><span style=\"color: #4a4a4a; font-size: 16px;\">It may seem different and creative on our part, but we confess it is the truth.\nThe customer can be anything you want, nonetheless unsatisfied. And the obligation to make it work is all ours.\u00a0<\/span><\/p>\n<\/div>\n<div class=\"grid__item three-twelfths portable--auto lap--auto palm--auto top-no-padding bottom-medium-padding\">\n<h2><span style=\"color: #c7c7c7;\">3<\/span><br \/>\nThere is not a 3S<\/h2>\n<p><span style=\"color: #4a4a4a; font-size: 16px;\">We are not the ones who follow 3S letters policies.<\/span><\/p>\n<\/div>\n<div class=\"grid__item three-twelfths portable--auto lap--auto palm--auto top-no-padding bottom-no-padding\">\n<h1><span style=\"color: #c7c7c7;\"><span style=\"font-size: 18px;\">WHAT WE DO<\/span><\/span><\/h1>\n<\/div>\n<div class=\"grid__item three-twelfths portable--auto lap--auto palm--auto top-no-padding bottom-no-padding\">\n<p>Branding<br \/>\nPublishing<br \/>\nOnline<\/p>\n<\/div>\n<div class=\"grid__item three-twelfths portable--auto lap--auto palm--auto top-no-padding bottom-no-padding\">\n<p>Offline<br \/>\nSocial Media<br \/>\nTypography<br \/>\nWebsites<\/p>\n<\/div>\n<div class=\"grid__item one-whole portable--auto lap--auto palm--auto top-no-padding bottom-no-padding full-width\">\n<p><a href=\"http:\/\/babui.no\/wp-content\/uploads\/2018\/03\/sheep4.png\"><img loading=\"lazy\" decoding=\"async\" class=\"aligncenter size-full wp-image-2682\" src=\"http:\/\/babui.no\/wp-content\/uploads\/2018\/03\/sheep4.png\" alt=\"\" width=\"1920\" height=\"1080\" srcset=\"http:\/\/babui.no\/wp-content\/uploads\/2018\/03\/sheep4.png 1920w, http:\/\/babui.no\/wp-content\/uploads\/2018\/03\/sheep4-300x169.png 300w, http:\/\/babui.no\/wp-content\/uploads\/2018\/03\/sheep4-768x432.png 768w, http:\/\/babui.no\/wp-content\/uploads\/2018\/03\/sheep4-1024x576.png 1024w\" sizes=\"auto, (max-width: 1920px) 100vw, 1920px\" \/><\/a><\/p>\n<\/div>\n<div class=\"grid__item two-twelfths portable--auto lap--auto palm--auto top-no-padding bottom-no-padding\">\n<h1><span style=\"color: #c7c7c7;\"><span style=\"font-size: 18px;\">CLIENTS<\/span><\/span><\/h1>\n<\/div>\n<div class=\"grid__item three-twelfths portable--auto lap--auto palm--auto top-no-padding bottom-no-padding\">\n<p>Acqualive<br \/>\nAir<br \/>\nDupier<br \/>\nGrovana<\/p>\n<\/div>\n<div class=\"grid__item three-twelfths portable--auto lap--auto palm--auto top-no-padding bottom-no-padding\">\n<p>Pedral<br \/>\nWAU&#8217;S<br \/>\nT\u00e1buas Cervejaria<br \/>\nTarpon<\/p>\n<\/div>\n<\/div>","protected":false},"excerpt":{"rendered":"<p>\u00c9 de praxe se auto-afirmar diferente, algo nada criativo. N\u00e3o somos uma ag\u00eancia que se diz criativa e diferente, pois no mundo publicit\u00e1rio j\u00e1 \u00e9 de praxe se auto-afirmar criativo e diferente, algo nada criativo, muito menos diferente. Seria como dizer que somos um sab\u00e3o limpo e cheiroso. E ainda nos orgulharmos disso! Ao contr\u00e1rio, [&hellip;]<\/p>","protected":false},"author":1,"featured_media":0,"parent":0,"menu_order":0,"comment_status":"closed","ping_status":"closed","template":"","meta":{"advgb_blocks_editor_width":"","advgb_blocks_columns_visual_guide":"","footnotes":""},"class_list":["post-2391","page","type-page","status-publish","hentry"],"coauthors":[],"author_meta":{"author_link":"http:\/\/babui.no\/en\/author\/babuino\/","display_name":"babuino"},"relative_dates":{"created":"Posted 10 years ago","modified":"Updated 8 years ago"},"absolute_dates":{"created":"Posted on 03\/10\/2016","modified":"Updated on 16\/03\/2018"},"absolute_dates_time":{"created":"Posted on 03\/10\/2016 11:46","modified":"Updated on 16\/03\/2018 19:13"},"featured_img_caption":"","featured_img":false,"series_order":"","_links":{"self":[{"href":"http:\/\/babui.no\/en\/wp-json\/wp\/v2\/pages\/2391","targetHints":{"allow":["GET"]}}],"collection":[{"href":"http:\/\/babui.no\/en\/wp-json\/wp\/v2\/pages"}],"about":[{"href":"http:\/\/babui.no\/en\/wp-json\/wp\/v2\/types\/page"}],"author":[{"embeddable":true,"href":"http:\/\/babui.no\/en\/wp-json\/wp\/v2\/users\/1"}],"replies":[{"embeddable":true,"href":"http:\/\/babui.no\/en\/wp-json\/wp\/v2\/comments?post=2391"}],"version-history":[{"count":14,"href":"http:\/\/babui.no\/en\/wp-json\/wp\/v2\/pages\/2391\/revisions"}],"predecessor-version":[{"id":2693,"href":"http:\/\/babui.no\/en\/wp-json\/wp\/v2\/pages\/2391\/revisions\/2693"}],"wp:attachment":[{"href":"http:\/\/babui.no\/en\/wp-json\/wp\/v2\/media?parent=2391"}],"curies":[{"name":"wp","href":"https:\/\/api.w.org\/{rel}","templated":true}]}}