{"id":2442,"date":"2018-03-14T16:45:00","date_gmt":"2018-03-14T19:45:00","guid":{"rendered":"http:\/\/babui.no\/?page_id=2442"},"modified":"2019-05-23T18:21:20","modified_gmt":"2019-05-23T21:21:20","slug":"contato","status":"publish","type":"page","link":"http:\/\/babui.no\/en\/contato\/","title":{"rendered":"CONTACT"},"content":{"rendered":"<div class=\"grid kcm\">\n<div class=\"grid__item nine-twelfths portable--auto lap--auto palm--auto top-no-padding bottom-no-padding\"><span style=\"color: #33270d;\"><div class=\"wpforms-container wpforms-container-full\" id=\"wpforms-3723\"><form id=\"wpforms-form-3723\" class=\"wpforms-validate wpforms-form wpforms-ajax-form\" data-formid=\"3723\" method=\"post\" enctype=\"multipart\/form-data\" action=\"\/en\/wp-json\/wp\/v2\/pages\/2442\" data-trp-original-action=\"\/en\/wp-json\/wp\/v2\/pages\/2442\"><noscript class=\"wpforms-error-noscript\">Please enable JavaScript in your browser to complete this form.<\/noscript><div class=\"wpforms-field-container\"><div id=\"wpforms-3723-field_1-container\" class=\"wpforms-field wpforms-field-text\" data-field-id=\"1\"><label class=\"wpforms-field-label\" for=\"wpforms-3723-field_1\">NAME <span class=\"wpforms-required-label\">*<\/span><\/label><input type=\"text\" id=\"wpforms-3723-field_1\" class=\"wpforms-field-medium wpforms-field-required\" name=\"wpforms[fields][1]\" placeholder=\"NAME\" required><\/div><div id=\"wpforms-3723-field_2-container\" class=\"wpforms-field wpforms-field-email\" data-field-id=\"2\"><label class=\"wpforms-field-label\" for=\"wpforms-3723-field_2\">E-MAIL <span class=\"wpforms-required-label\">*<\/span><\/label><input type=\"email\" id=\"wpforms-3723-field_2\" class=\"wpforms-field-medium wpforms-field-required\" name=\"wpforms[fields][2]\" placeholder=\"E-MAIL\" required><\/div><div id=\"wpforms-3723-field_4-container\" class=\"wpforms-field wpforms-field-text\" data-field-id=\"4\"><label class=\"wpforms-field-label\" for=\"wpforms-3723-field_4\">PHONE<\/label><input type=\"text\" id=\"wpforms-3723-field_4\" class=\"wpforms-field-medium\" name=\"wpforms[fields][4]\" placeholder=\"PHONE\" ><\/div><div id=\"wpforms-3723-field_5-container\" class=\"wpforms-field wpforms-field-select\" data-field-id=\"5\"><label class=\"wpforms-field-label\" for=\"wpforms-3723-field_5\">MESSAGE<\/label><select id=\"wpforms-3723-field_5\" class=\"wpforms-field-medium\" name=\"wpforms[fields][5]\"><option value=\"\" class=\"placeholder\" disabled selected='selected'>CATEGORIA \/ CATEGORY<\/option><option value=\"NOVO PROJETO \/ NEW PROJECT\" >NOVO PROJETO \/ NEW PROJECT<\/option><option value=\"PROJETO EM ANDAMENTO \/ ONGOING PROJECT\" >PROJETO EM ANDAMENTO \/ ONGOING PROJECT<\/option><option value=\"OUTRO \/ OTHER\" >OUTRO \/ OTHER<\/option><\/select><\/div><div id=\"wpforms-3723-field_3-container\" class=\"wpforms-field wpforms-field-textarea\" data-field-id=\"3\"><label class=\"wpforms-field-label wpforms-label-hide\" for=\"wpforms-3723-field_3\">Textarea* Field (your-message) <span class=\"wpforms-required-label\">*<\/span><\/label><textarea id=\"wpforms-3723-field_3\" class=\"wpforms-field-medium wpforms-field-required\" name=\"wpforms[fields][3]\" placeholder=\"MESSAGE\" required><\/textarea><\/div><\/div><div class=\"wpforms-field wpforms-field-hp\"><label for=\"wpforms-3723-field-hp\" class=\"wpforms-field-label\">Name<\/label><input type=\"text\" name=\"wpforms[hp]\" id=\"wpforms-3723-field-hp\" class=\"wpforms-field-medium\"><\/div><input type=\"hidden\" name=\"wpforms[recaptcha]\" value=\"\"><div class=\"wpforms-submit-container\" ><input type=\"hidden\" name=\"wpforms[id]\" value=\"3723\"><input type=\"hidden\" name=\"wpforms[author]\" value=\"1\"><button type=\"submit\" name=\"wpforms[submit]\" class=\"wpforms-submit\" id=\"wpforms-submit-3723\" value=\"wpforms-submit\" aria-live=\"assertive\" data-alt-text=\"Sending\" data-submit-text=\"SEND\">SEND<\/button><img loading=\"lazy\" decoding=\"async\" src=\"http:\/\/babui.no\/wp-content\/plugins\/wpforms-lite\/assets\/images\/submit-spin.svg\" class=\"wpforms-submit-spinner\" style=\"display: none;\" width=\"26\" height=\"26\" alt=\"\"><\/div><input type=\"hidden\" name=\"trp-form-language\" value=\"en\"\/><\/form><\/div>  <!-- .wpforms-container --><div><\/div><br \/>\nDo you want to create or renew your brand?<\/span><\/div>\n<div class=\"grid__item five-twelfths portable--auto lap--auto palm--auto top-no-padding bottom-no-padding\">\n<p>Access and fill in our&nbsp;<a title=\"Briefing\" href=\"http:\/\/babui.no\/en\/briefing\/\" target=\"_blank\" rel=\"noopener noreferrer\">Online Briefing<\/a>, we will get back to you with more precise information for your planning. If you would like to develop a new website, click <a href=\"http:\/\/babui.no\/en\/briefing-site\/\">here.<\/a><\/p>\n<p><a href=\"mailto:hi@babui.no\">hi@babui.no<\/a><br \/>\n<a href=\"http:\/\/fb.com\/agenciababuino\">fb.com\/agenciababuino<\/a><br \/>\nCampinas, Brazil<br \/>\n<a href=\"https:\/\/www.google.com\/maps\/place\/Ag%C3%AAncia+Babuino\/@-22.892054,-47.0626385,17z\/data=!3m1!4b1!4m5!3m4!1s0x94c8c8aaf0d70017:0x36404d54ba4bca9a!8m2!3d-22.892059!4d-47.0604498?\"><span style=\"color: #2cffea;\">Map<\/span><\/a><\/p>\n<\/div>\n<div class=\"grid__item three-twelfths portable--auto lap--auto palm--auto top-medium-padding bottom-no-padding\"><\/div>\n<\/div>","protected":false},"excerpt":{"rendered":"<p>Quer criar ou renovar sua marca? Acesse e preencha nosso&nbsp;Briefing Online, retornaremos com informa\u00e7\u00f5es mais precisas para o seu planejamento. Caso voc\u00ea queira desenvolver um site novo, clique aqui. hi@babui.no fb.com\/agenciababuino Campinas, Brazil Map<\/p>","protected":false},"author":1,"featured_media":0,"parent":0,"menu_order":0,"comment_status":"closed","ping_status":"closed","template":"template-contact.php","meta":{"advgb_blocks_editor_width":"","advgb_blocks_columns_visual_guide":"","footnotes":""},"class_list":["post-2442","page","type-page","status-publish","hentry"],"coauthors":[],"author_meta":{"author_link":"http:\/\/babui.no\/en\/author\/babuino\/","display_name":"babuino"},"relative_dates":{"created":"Posted 8 years ago","modified":"Updated 7 years ago"},"absolute_dates":{"created":"Posted on 14\/03\/2018","modified":"Updated on 23\/05\/2019"},"absolute_dates_time":{"created":"Posted on 14\/03\/2018 16:45","modified":"Updated on 23\/05\/2019 18:21"},"featured_img_caption":"","featured_img":false,"series_order":"","_links":{"self":[{"href":"http:\/\/babui.no\/en\/wp-json\/wp\/v2\/pages\/2442","targetHints":{"allow":["GET"]}}],"collection":[{"href":"http:\/\/babui.no\/en\/wp-json\/wp\/v2\/pages"}],"about":[{"href":"http:\/\/babui.no\/en\/wp-json\/wp\/v2\/types\/page"}],"author":[{"embeddable":true,"href":"http:\/\/babui.no\/en\/wp-json\/wp\/v2\/users\/1"}],"replies":[{"embeddable":true,"href":"http:\/\/babui.no\/en\/wp-json\/wp\/v2\/comments?post=2442"}],"version-history":[{"count":35,"href":"http:\/\/babui.no\/en\/wp-json\/wp\/v2\/pages\/2442\/revisions"}],"predecessor-version":[{"id":3860,"href":"http:\/\/babui.no\/en\/wp-json\/wp\/v2\/pages\/2442\/revisions\/3860"}],"wp:attachment":[{"href":"http:\/\/babui.no\/en\/wp-json\/wp\/v2\/media?parent=2442"}],"curies":[{"name":"wp","href":"https:\/\/api.w.org\/{rel}","templated":true}]}}